{"id":19008,"date":"2024-12-15T14:50:52","date_gmt":"2024-12-15T14:50:52","guid":{"rendered":"https:\/\/www.sano.wroclaw.pl\/centrumbobath\/?post_type=product&#038;p=19008"},"modified":"2024-12-15T15:02:44","modified_gmt":"2024-12-15T15:02:44","slug":"masaz-twarzy-kobido","status":"publish","type":"product","link":"https:\/\/www.sano.wroclaw.pl\/centrumbobath\/sklep\/masaz-twarzy-kobido\/","title":{"rendered":"Masa\u017c Twarzy KOBIDO"},"content":{"rendered":"<h1 class=\"elementor-heading-title elementor-size-default\">Karta Podarunkowa<\/h1>\n<h4 class=\"elementor-heading-title elementor-size-default\">Wyra\u017a swoje uczucie i trosk\u0119 o blisk\u0105 osob\u0119 &#8211; podaruj wyj\u0105tkowy prezent!<\/h4>\n<p>Urodziny? Imieniny? Rocznica \u015blubu? Dzie\u0144 Kobiet? Dzie\u0144 Ch\u0142opaka?<\/p>\n<p>Karta podarunkowa na <strong>masa\u017c<\/strong> w Waszym Centrum Zdrowia SANO to doskona\u0142y pomys\u0142 na prezent. Kup kart\u0119 podarunkow\u0105 w naszym sklepie na <strong>masa\u017c Twarzy KOBIDO (masa\u017c 60 minut)<\/strong> i wyra\u017a w ten spos\u00f3b trosk\u0119 o zdrowie i dobre samopoczucie ukochanej osobie.<\/p>\n<p><img fetchpriority=\"high\" decoding=\"async\" class=\"alignnone wp-image-8946\" src=\"https:\/\/www.sano.wroclaw.pl\/centrumbobath\/wp-content\/uploads\/2021\/11\/IMG_20211102_115316-c2-300x128.jpg\" alt=\"\" width=\"555\" height=\"237\" srcset=\"https:\/\/www.sano.wroclaw.pl\/centrumbobath\/wp-content\/uploads\/2021\/11\/IMG_20211102_115316-c2-300x128.jpg 300w, https:\/\/www.sano.wroclaw.pl\/centrumbobath\/wp-content\/uploads\/2021\/11\/IMG_20211102_115316-c2-scaled-600x256.jpg 600w, https:\/\/www.sano.wroclaw.pl\/centrumbobath\/wp-content\/uploads\/2021\/11\/IMG_20211102_115316-c2-1024x437.jpg 1024w, https:\/\/www.sano.wroclaw.pl\/centrumbobath\/wp-content\/uploads\/2021\/11\/IMG_20211102_115316-c2-768x328.jpg 768w, https:\/\/www.sano.wroclaw.pl\/centrumbobath\/wp-content\/uploads\/2021\/11\/IMG_20211102_115316-c2-1536x655.jpg 1536w, https:\/\/www.sano.wroclaw.pl\/centrumbobath\/wp-content\/uploads\/2021\/11\/IMG_20211102_115316-c2-2048x873.jpg 2048w\" sizes=\"(max-width: 555px) 100vw, 555px\" \/><\/p>\n<h1>Jak skorzysta\u0107 z Karty Podarunkowej?<\/h1>\n<p>Wystarczy, \u017ce osoba obdarowana zapisze si\u0119 na wizyt\u0119 poprzez rejestracj\u0119 internetow\u0105 Traf.To <strong>oraz na wizyt\u0119 przyniesie ze sob\u0105 kart\u0119 podarunkow\u0105<\/strong>. Je\u017celi nie b\u0119dzie mo\u017cliwo\u015bci rejestracji poprzez Traf.To, wystarczy napisa\u0107 SMS&#8217;a na nr telefonu zapisany na karcie podarunkowej. Nasz specjalista skontaktuje si\u0119 w celu um\u00f3wienia wizyty.<\/p>\n<hr \/>\n<h1>Jak zap\u0142aci\u0107 za Kart\u0119 Podarunkow\u0105?<\/h1>\n<p>Zap\u0142acisz BLIKIEM, lub za pomoc\u0105 przelewu natychmiastowego poprzez polskiego operatora CashBill.pl.<\/p>\n<p><img decoding=\"async\" class=\"alignnone wp-image-8975\" src=\"https:\/\/www.sano.wroclaw.pl\/centrumbobath\/wp-content\/uploads\/2021\/10\/pcb_780x100_2.png\" alt=\"\" width=\"555\" height=\"71\" srcset=\"https:\/\/www.sano.wroclaw.pl\/centrumbobath\/wp-content\/uploads\/2021\/10\/pcb_780x100_2.png 780w, https:\/\/www.sano.wroclaw.pl\/centrumbobath\/wp-content\/uploads\/2021\/10\/pcb_780x100_2-300x38.png 300w, https:\/\/www.sano.wroclaw.pl\/centrumbobath\/wp-content\/uploads\/2021\/10\/pcb_780x100_2-768x98.png 768w, https:\/\/www.sano.wroclaw.pl\/centrumbobath\/wp-content\/uploads\/2021\/10\/pcb_780x100_2-600x77.png 600w\" sizes=\"(max-width: 555px) 100vw, 555px\" \/><\/p>\n<hr \/>\n<h1>Jak odebra\u0107 Kart\u0119 Podarunkow\u0105?<\/h1>\n<p>Kart\u0119 podarunkow\u0105 mo\u017cna odebra\u0107 po wcze\u015bniejszym um\u00f3wieniu si\u0119 w naszym centrum w Lutyni, ul Ko\u015bciuszki 33. Mo\u017cesz te\u017c wybra\u0107 dostaw\u0119 swojej karty podarunkowej za pomoc\u0105 Paczkomat\u00f3w InPost (cena: 12,99 z\u0142).<\/p>\n<p><img decoding=\"async\" class=\"alignnone wp-image-8993\" src=\"https:\/\/www.sano.wroclaw.pl\/centrumbobath\/wp-content\/uploads\/2021\/10\/750x200-Paczkomaty247-NPS-300x80.png\" alt=\"\" width=\"555\" height=\"148\" srcset=\"https:\/\/www.sano.wroclaw.pl\/centrumbobath\/wp-content\/uploads\/2021\/10\/750x200-Paczkomaty247-NPS-300x80.png 300w, https:\/\/www.sano.wroclaw.pl\/centrumbobath\/wp-content\/uploads\/2021\/10\/750x200-Paczkomaty247-NPS-600x160.png 600w, https:\/\/www.sano.wroclaw.pl\/centrumbobath\/wp-content\/uploads\/2021\/10\/750x200-Paczkomaty247-NPS.png 750w\" sizes=\"(max-width: 555px) 100vw, 555px\" \/><\/p>\n<hr \/>\n<p>&nbsp;<\/p>\n","protected":false},"excerpt":{"rendered":"<p><strong>Karta Podarunkowa<\/strong> na Masa\u017c Twarzy Kobido &#8211; <strong>Masa\u017c 60 minut<\/strong><\/p>\n","protected":false},"featured_media":19009,"template":"","meta":{"zakra_page_container_layout":"customizer","zakra_page_sidebar_layout":"customizer","zakra_remove_content_margin":false,"zakra_sidebar":"customizer","zakra_transparent_header":"customizer","zakra_logo":0,"zakra_main_header_style":"default","zakra_menu_item_color":"","zakra_menu_item_hover_color":"","zakra_menu_item_active_color":"","zakra_menu_active_style":"","zakra_page_header":true},"product_brand":[],"product_cat":[40],"product_tag":[],"class_list":{"0":"post-19008","1":"product","2":"type-product","3":"status-publish","4":"has-post-thumbnail","6":"product_cat-karty-podarunkowe","7":"wcpa_has_options","9":"first","10":"instock","11":"shipping-taxable","12":"purchasable","13":"product-type-simple"},"aioseo_notices":[],"_links":{"self":[{"href":"https:\/\/www.sano.wroclaw.pl\/centrumbobath\/wp-json\/wp\/v2\/product\/19008","targetHints":{"allow":["GET"]}}],"collection":[{"href":"https:\/\/www.sano.wroclaw.pl\/centrumbobath\/wp-json\/wp\/v2\/product"}],"about":[{"href":"https:\/\/www.sano.wroclaw.pl\/centrumbobath\/wp-json\/wp\/v2\/types\/product"}],"wp:featuredmedia":[{"embeddable":true,"href":"https:\/\/www.sano.wroclaw.pl\/centrumbobath\/wp-json\/wp\/v2\/media\/19009"}],"wp:attachment":[{"href":"https:\/\/www.sano.wroclaw.pl\/centrumbobath\/wp-json\/wp\/v2\/media?parent=19008"}],"wp:term":[{"taxonomy":"product_brand","embeddable":true,"href":"https:\/\/www.sano.wroclaw.pl\/centrumbobath\/wp-json\/wp\/v2\/product_brand?post=19008"},{"taxonomy":"product_cat","embeddable":true,"href":"https:\/\/www.sano.wroclaw.pl\/centrumbobath\/wp-json\/wp\/v2\/product_cat?post=19008"},{"taxonomy":"product_tag","embeddable":true,"href":"https:\/\/www.sano.wroclaw.pl\/centrumbobath\/wp-json\/wp\/v2\/product_tag?post=19008"}],"curies":[{"name":"wp","href":"https:\/\/api.w.org\/{rel}","templated":true}]}}